{"id":3,"date":"2022-02-03T10:00:47","date_gmt":"2022-02-03T10:00:47","guid":{"rendered":"https:\/\/liigalihtne.ee\/pood\/?page_id=3"},"modified":"2024-01-15T09:44:33","modified_gmt":"2024-01-15T09:44:33","slug":"privacy-policy","status":"publish","type":"page","link":"https:\/\/liigalihtne.ee\/pood\/index.php\/privacy-policy\/","title":{"rendered":"Privaatsuspoliitika"},"content":{"rendered":"\n<h2 class=\"wp-block-heading\" id=\"kes-me-oleme\">Kes me oleme<\/h2>\n\n\n\n<p>Liiga Lihtne O\u00dc(Reg. kood: 16035584. Aadress: M\u00e4e 29-3, Tartu, Eesti) tegeleb Bitcoini teemaliste raamatute kirjastamisega ja veebilehe www.liigalihtne.ee haldamisega.<\/p>\n\n\n\n<h2 class=\"wp-block-heading\" id=\"kommentaarid\">Kommentaarid<\/h2>\n\n\n\n<p>Kui kasutajad j\u00e4tavad kommentaare meie veebilehel, me kogume andmeid kommenteerimisvormist ja samuti kasutaja IP-aadressi ning brauseri infot, et tuvastada r\u00e4mpspostitusi.<\/p>\n\n\n\n<h2 class=\"wp-block-heading\" id=\"kupsised\">K\u00fcpsised<\/h2>\n\n\n\n<p>Kui te j\u00e4tate kommenaari, on teil v\u00f5imalus salvestada oma nimi, e-maili aadress ja kodulehek\u00fclg k\u00fcpsites. See onteie kasutusmugavuse huvides, et te ei peaks igakord neid andmeid sisestama. Sellised k\u00fcpsised s\u00e4ilitatakse \u00fcheks aastaks.<\/p>\n\n\n\n<p>Kui te k\u00fclastate sisselogimise lehek\u00fclge, seame me ajutise k\u00fcpsise selgitamaks v\u00e4lja, kas teie brauser toetab k\u00fcpsiseid. See k\u00fcpsis ei sisalda isiklikke andmeid ja kustutakse, kui te brauseri sulgete.<\/p>\n\n\n\n<p>Kui te logite sisse, loome me samuti m\u00f5ned k\u00fcpsised salvestamaks teie sisseregistreerimusi endmeid ja vaate valikuid. Sisselogimise k\u00fcpsised s\u00e4ilivad 2 p\u00e4eva ja ekraani valikute k\u00fcspsed s\u00e4ilivad \u00fche aasta. Kui valite valiku &#8220;j\u00e4ta meelde&#8221;, siis j\u00e4\u00e4te sisselogituks kaheks n\u00e4dalaks. Oma kontolt v\u00e4lja logides, need k\u00fcpsised kustutatakse.<\/p>\n\n\n\n<h2 class=\"wp-block-heading\" id=\"kellega-me-teie-andmeid-jagame\">Kellega me teie andmeid jagame<\/h2>\n\n\n\n<p>Teie andmed on kaitstud ja neid ei jagata kolmandate osapooltega. Kui soovite oma parooli uuendada siis lisame e-mailile ka teie ip-aadressi.<\/p>\n\n\n\n<h2 class=\"wp-block-heading\" id=\"kui-kaua-teie-andmeid-sailitatakse\">Kui kaua teie andmeid s\u00e4ilitatakse<\/h2>\n\n\n\n<p>Teie poolt lisatud kommentaarid s\u00e4ilivad t\u00e4htajatult. Kommentaarid kuvatakse peale moderaatori heakskiitu.<\/p>\n\n\n\n<p>Kasutajate andmeid, kes registreerivad kodulehel s\u00e4ilitatakse . K\u00f5ik kasutajad saavad oma andmeid vaadata, redigeerida ja kustutatada igal ajal(va kasutajanimi, seda ei saa muuta).  Veebi administraatoritel on samuti juurdep\u00e4\u00e4s neile andmetele.<\/p>\n\n\n\n<h2 class=\"wp-block-heading\" id=\"millised-oigused-on-teil-oma-andmetele\">MIllised \u00f5igused on teil oma andmetele<\/h2>\n\n\n\n<p>Kui teil on meie lehel kasutaja v\u00f5i olete j\u00e4tnud kommentaare, saate te meilt k\u00fcsida enda andmeid eraldi failis. Samuti v\u00f5ite te k\u00fcsida oma isiklike andmete kustutamist. See info ei puuduta kohustuslikku informatsiooni, mdia oleme sunnitud s\u00e4ilitama administratiivsetest, juriidilistest v\u00f5i truvalisuse s\u00e4ilitamise kohustustest tulenevalt.<\/p>\n\n\n\n<h2 class=\"wp-block-heading\" id=\"kuhu-me-saadame-teie-andmeid\">Kuhu me saadame teie andmeid<\/h2>\n\n\n\n<p>Teie andmeid ei jagata kolmandate osapooltega, kui teie poolt j\u00e4etud kommentaare v\u00f5idakse kontrollida kasutades automaatset sp\u00e4mmifiltri teenust.<\/p>\n","protected":false},"excerpt":{"rendered":"<p>Kes me oleme Liiga Lihtne O\u00dc(Reg. kood: 16035584. Aadress: M\u00e4e 29-3, Tartu, Eesti) tegeleb Bitcoini teemaliste raamatute kirjastamisega ja veebilehe www.liigalihtne.ee haldamisega. Kommentaarid Kui kasutajad j\u00e4tavad kommentaare meie veebilehel, me kogume andmeid kommenteerimisvormist ja samuti kasutaja IP-aadressi ning brauseri infot, et tuvastada r\u00e4mpspostitusi. K\u00fcpsised Kui&#8230;<\/p>\n","protected":false},"author":1,"featured_media":0,"parent":0,"menu_order":0,"comment_status":"closed","ping_status":"closed","template":"","meta":{"footnotes":""},"jetpack_sharing_enabled":true,"jetpack-related-posts":[],"_links":{"self":[{"href":"https:\/\/liigalihtne.ee\/pood\/index.php\/wp-json\/wp\/v2\/pages\/3"}],"collection":[{"href":"https:\/\/liigalihtne.ee\/pood\/index.php\/wp-json\/wp\/v2\/pages"}],"about":[{"href":"https:\/\/liigalihtne.ee\/pood\/index.php\/wp-json\/wp\/v2\/types\/page"}],"author":[{"embeddable":true,"href":"https:\/\/liigalihtne.ee\/pood\/index.php\/wp-json\/wp\/v2\/users\/1"}],"replies":[{"embeddable":true,"href":"https:\/\/liigalihtne.ee\/pood\/index.php\/wp-json\/wp\/v2\/comments?post=3"}],"version-history":[{"count":7,"href":"https:\/\/liigalihtne.ee\/pood\/index.php\/wp-json\/wp\/v2\/pages\/3\/revisions"}],"predecessor-version":[{"id":601,"href":"https:\/\/liigalihtne.ee\/pood\/index.php\/wp-json\/wp\/v2\/pages\/3\/revisions\/601"}],"wp:attachment":[{"href":"https:\/\/liigalihtne.ee\/pood\/index.php\/wp-json\/wp\/v2\/media?parent=3"}],"curies":[{"name":"wp","href":"https:\/\/api.w.org\/{rel}","templated":true}]}}