{"id":295,"date":"2023-05-31T12:01:59","date_gmt":"2023-05-31T12:01:59","guid":{"rendered":"https:\/\/liigalihtne.ee\/pood\/index.php\/toode\/torusallbuff\/"},"modified":"2024-12-13T10:13:46","modified_gmt":"2024-12-13T10:13:46","slug":"torusallbuff","status":"publish","type":"product","link":"https:\/\/liigalihtne.ee\/pood\/index.php\/toode\/torusallbuff\/","title":{"rendered":"Torusall(buff)"},"content":{"rendered":"<p>Torusall on mitmek\u00fclgne aksessuaar, mida saab kasutada n\u00e4okatte, peapaela, bandaana, randmepaela v\u00f5i kaelasoojendajana.<\/p>\n<p>\u2022 95% pol\u00fcester, 5% elastaan (kanga koostis v\u00f5ib erineda 1%)<br \/>\n\u2022 Hingav kangas<br \/>\n\u2022 Neljasuunaline veniv kangas<br \/>\n\u2022 Pestav ja korduvkasutatav<br \/>\n\u2022 \u00dcks suurus (sobilik pea\u00fcmberm\u00f5\u00f5duga 54cm ja v\u00e4iksem)<br \/>\n\u2022 \u00dchele k\u00fcljele tr\u00fckitud<\/p>\n<p>Tarnitakse raamatutest eraldi 5-7 t\u00f6\u00f6p\u00e4eva jooksul DPD kulleriga.<\/p>\n<p style=\"font-size:8pt\">Valmistaja: Liiga Lihtne O\u00dc koost\u00f6\u00f6s Printful Ltd.<br \/>\nSelli 3, Tartu 50707, Estonia<br \/>\n+37258376770<br \/>\npost@liigalihtne.ee<\/p>\n","protected":false},"excerpt":{"rendered":"<p>Torusall on mitmek\u00fclgne aksessuaar, mida saab kasutada n\u00e4okatte, peapaela, bandaana, randmepaela v\u00f5i kaelasoojendajana. \u2022 95% pol\u00fcester, 5% elastaan (kanga koostis v\u00f5ib erineda 1%) \u2022 Hingav kangas \u2022 Neljasuunaline veniv kangas \u2022 Pestav ja korduvkasutatav \u2022 \u00dcks suurus (sobilik pea\u00fcmberm\u00f5\u00f5duga 54cm ja v\u00e4iksem) \u2022 \u00dchele k\u00fcljele&#8230;<\/p>\n","protected":false},"featured_media":298,"comment_status":"open","ping_status":"closed","template":"","meta":[],"product_cat":[27],"product_tag":[],"bundled_by":[],"bundle_stock_status":"instock","bundle_stock_quantity":null,"bundle_virtual":false,"bundle_layout":"","bundle_add_to_cart_form_location":"","bundle_editable_in_cart":false,"bundle_sold_individually_context":"","bundle_item_grouping":"","bundle_min_size":"","bundle_max_size":"","bundle_price":[],"bundled_items":[],"bundle_sell_ids":[],"jetpack_sharing_enabled":true,"jetpack-related-posts":[],"_links":{"self":[{"href":"https:\/\/liigalihtne.ee\/pood\/index.php\/wp-json\/wp\/v2\/product\/295"}],"collection":[{"href":"https:\/\/liigalihtne.ee\/pood\/index.php\/wp-json\/wp\/v2\/product"}],"about":[{"href":"https:\/\/liigalihtne.ee\/pood\/index.php\/wp-json\/wp\/v2\/types\/product"}],"replies":[{"embeddable":true,"href":"https:\/\/liigalihtne.ee\/pood\/index.php\/wp-json\/wp\/v2\/comments?post=295"}],"wp:featuredmedia":[{"embeddable":true,"href":"https:\/\/liigalihtne.ee\/pood\/index.php\/wp-json\/wp\/v2\/media\/298"}],"wp:attachment":[{"href":"https:\/\/liigalihtne.ee\/pood\/index.php\/wp-json\/wp\/v2\/media?parent=295"}],"wp:term":[{"taxonomy":"product_cat","embeddable":true,"href":"https:\/\/liigalihtne.ee\/pood\/index.php\/wp-json\/wp\/v2\/product_cat?post=295"},{"taxonomy":"product_tag","embeddable":true,"href":"https:\/\/liigalihtne.ee\/pood\/index.php\/wp-json\/wp\/v2\/product_tag?post=295"}],"curies":[{"name":"wp","href":"https:\/\/api.w.org\/{rel}","templated":true}]}}