{"id":324,"date":"2023-06-08T12:11:23","date_gmt":"2023-06-08T12:11:23","guid":{"rendered":"https:\/\/liigalihtne.ee\/pood\/index.php\/toode\/plaan-b-nokats\/"},"modified":"2025-04-12T15:48:51","modified_gmt":"2025-04-12T15:48:51","slug":"plaan-b-nokats","status":"publish","type":"product","link":"https:\/\/liigalihtne.ee\/pood\/index.php\/toode\/plaan-b-nokats\/","title":{"rendered":"Plaan B nokats"},"content":{"rendered":"<p>Plaan B snapback<\/p>\n<p>\u2022 47% puuvill, 28% nailon, 25% pol\u00fcester<br \/>\n\u2022 Pea \u00fcmberm\u00f5\u00f5t 53.3 cm\u201358.4 cm<\/p>\n<p>Riided tarnitakse ramatutest eraldi 7-14 p\u00e4eva jooksul.<\/p>\n<p style=\"font-size:8pt\">Valmistaja: Liiga Lihtne O\u00dc koost\u00f6\u00f6s Printful Ltd.<br \/>\nSelli 3, Tartu 50707, Estonia<br \/>\n+37258376770<br \/>\npost@liigalihtne.ee<\/p>\n","protected":false},"excerpt":{"rendered":"<p>Plaan B snapback \u2022 47% puuvill, 28% nailon, 25% pol\u00fcester \u2022 Pea \u00fcmberm\u00f5\u00f5t 53.3 cm\u201358.4 cm Riided tarnitakse ramatutest eraldi 7-14 p\u00e4eva jooksul. Valmistaja: Liiga Lihtne O\u00dc koost\u00f6\u00f6s Printful Ltd. Selli 3, Tartu 50707, Estonia +37258376770 post@liigalihtne.ee<\/p>\n","protected":false},"featured_media":111,"comment_status":"open","ping_status":"closed","template":"","meta":[],"product_cat":[27],"product_tag":[],"bundled_by":[],"bundle_stock_status":"instock","bundle_stock_quantity":null,"bundle_virtual":false,"bundle_layout":"","bundle_add_to_cart_form_location":"","bundle_editable_in_cart":false,"bundle_sold_individually_context":"","bundle_item_grouping":"","bundle_min_size":"","bundle_max_size":"","bundle_price":[],"bundled_items":[],"bundle_sell_ids":[],"jetpack_sharing_enabled":true,"jetpack-related-posts":[],"_links":{"self":[{"href":"https:\/\/liigalihtne.ee\/pood\/index.php\/wp-json\/wp\/v2\/product\/324"}],"collection":[{"href":"https:\/\/liigalihtne.ee\/pood\/index.php\/wp-json\/wp\/v2\/product"}],"about":[{"href":"https:\/\/liigalihtne.ee\/pood\/index.php\/wp-json\/wp\/v2\/types\/product"}],"replies":[{"embeddable":true,"href":"https:\/\/liigalihtne.ee\/pood\/index.php\/wp-json\/wp\/v2\/comments?post=324"}],"wp:featuredmedia":[{"embeddable":true,"href":"https:\/\/liigalihtne.ee\/pood\/index.php\/wp-json\/wp\/v2\/media\/111"}],"wp:attachment":[{"href":"https:\/\/liigalihtne.ee\/pood\/index.php\/wp-json\/wp\/v2\/media?parent=324"}],"wp:term":[{"taxonomy":"product_cat","embeddable":true,"href":"https:\/\/liigalihtne.ee\/pood\/index.php\/wp-json\/wp\/v2\/product_cat?post=324"},{"taxonomy":"product_tag","embeddable":true,"href":"https:\/\/liigalihtne.ee\/pood\/index.php\/wp-json\/wp\/v2\/product_tag?post=324"}],"curies":[{"name":"wp","href":"https:\/\/api.w.org\/{rel}","templated":true}]}}