{"id":326,"date":"2023-06-08T12:36:25","date_gmt":"2023-06-08T12:36:25","guid":{"rendered":"https:\/\/liigalihtne.ee\/pood\/index.php\/toode\/t-sark-fix-the-money-fix-the-world\/"},"modified":"2024-12-13T10:13:12","modified_gmt":"2024-12-13T10:13:12","slug":"t-sark-fix-the-money-fix-the-world","status":"publish","type":"product","link":"https:\/\/liigalihtne.ee\/pood\/index.php\/toode\/t-sark-fix-the-money-fix-the-world\/","title":{"rendered":"T-s\u00e4rk &#8220;Fix the money, fix the world&#8221;"},"content":{"rendered":"<p>100% puuvillane t-s\u00e4rk.<br \/>\nRinna peal kiri \u201cFix the money, fix the world\u201d ja selja \u00fclaosas bitcoini logo.<\/p>\n<p>Riided tarnitakse raamatutest eraldi 7-14 p\u00e4eva jooksul DPD kulleriga.<\/p>\n<p style=\"font-size:8pt\">Valmistaja: Liiga Lihtne O\u00dc koost\u00f6\u00f6s Printful Ltd.<br \/>\nSelli 3, Tartu 50707, Estonia<br \/>\n+37258376770<br \/>\npost@liigalihtne.ee<\/p>\n","protected":false},"excerpt":{"rendered":"<p>100% puuvillane t-s\u00e4rk. Rinna peal kiri \u201cFix the money, fix the world\u201d ja selja \u00fclaosas bitcoini logo. Riided tarnitakse raamatutest eraldi 7-14 p\u00e4eva jooksul DPD kulleriga. Valmistaja: Liiga Lihtne O\u00dc koost\u00f6\u00f6s Printful Ltd. Selli 3, Tartu 50707, Estonia +37258376770 post@liigalihtne.ee<\/p>\n","protected":false},"featured_media":333,"comment_status":"open","ping_status":"closed","template":"","meta":[],"product_cat":[27],"product_tag":[],"bundled_by":[],"bundle_stock_status":"instock","bundle_stock_quantity":null,"bundle_virtual":false,"bundle_layout":"","bundle_add_to_cart_form_location":"","bundle_editable_in_cart":false,"bundle_sold_individually_context":"","bundle_item_grouping":"","bundle_min_size":"","bundle_max_size":"","bundle_price":[],"bundled_items":[],"bundle_sell_ids":[],"jetpack_sharing_enabled":true,"jetpack-related-posts":[],"_links":{"self":[{"href":"https:\/\/liigalihtne.ee\/pood\/index.php\/wp-json\/wp\/v2\/product\/326"}],"collection":[{"href":"https:\/\/liigalihtne.ee\/pood\/index.php\/wp-json\/wp\/v2\/product"}],"about":[{"href":"https:\/\/liigalihtne.ee\/pood\/index.php\/wp-json\/wp\/v2\/types\/product"}],"replies":[{"embeddable":true,"href":"https:\/\/liigalihtne.ee\/pood\/index.php\/wp-json\/wp\/v2\/comments?post=326"}],"wp:featuredmedia":[{"embeddable":true,"href":"https:\/\/liigalihtne.ee\/pood\/index.php\/wp-json\/wp\/v2\/media\/333"}],"wp:attachment":[{"href":"https:\/\/liigalihtne.ee\/pood\/index.php\/wp-json\/wp\/v2\/media?parent=326"}],"wp:term":[{"taxonomy":"product_cat","embeddable":true,"href":"https:\/\/liigalihtne.ee\/pood\/index.php\/wp-json\/wp\/v2\/product_cat?post=326"},{"taxonomy":"product_tag","embeddable":true,"href":"https:\/\/liigalihtne.ee\/pood\/index.php\/wp-json\/wp\/v2\/product_tag?post=326"}],"curies":[{"name":"wp","href":"https:\/\/api.w.org\/{rel}","templated":true}]}}