{"id":375,"date":"2024-01-05T23:27:05","date_gmt":"2024-01-05T23:27:05","guid":{"rendered":"https:\/\/liigalihtne.ee\/pood\/?post_type=product&#038;p=375"},"modified":"2024-01-05T23:27:05","modified_gmt":"2024-01-05T23:27:05","slug":"21-oppetundi","status":"publish","type":"product","link":"https:\/\/liigalihtne.ee\/pood\/index.php\/toode\/21-oppetundi\/","title":{"rendered":"21 \u00f5ppetundi"},"content":{"rendered":"<h3 class=\"product_title entry-title\">21 \u00f5ppetundi \u2013 Mida ma \u00f5ppisin Bitcoini j\u00e4neseurgu kukkumisest<\/h3>\n<p>Originaal: \u201c21 Lessons \u2013 What I\u2019ve Learned From Falling Down the Bitcoin Rabbit Hole\u201d<br \/>\nT\u00f5lkis Silver Zimmermann<br \/>\nToimetas \u00dclle Tarum-Saarmann<br \/>\n152 lehek\u00fclge, pehmekaaneline.<\/p>\n","protected":false},"excerpt":{"rendered":"<p>Katkend raamatu sissejuhatusest:<br \/>\n\u201cSee on natuke ebaharilik raamat. Kuid vaadake, Bitcoin on ka natuke ebatavaline tehnoloogia, niisiis on ebaharilik raamat<br \/>\nBitcoinist t\u00e4iesti sobilik. Ma ei ole kindel, kas mina olen ebatavaline t\u00fc\u00fcp (mulle meeldib m\u00f5elda endast kui<br \/>\ntavalisest kutist), kuid lugu sellest, kuidas see raamat s\u00fcndis ja kuidas minust sai kirjamees, tasub jutustamist.<br \/>\nEsiteks, ma ei ole kirjanik. Ma olen insener. Ma ei ole \u00f5ppinud kirjutamist. Ma \u00f5ppisin koodi ja koodikirjutamist. Teiseks<br \/>\npole ma kunagi plaaninud kirjutada raamatut, k\u00f5ige v\u00e4hem veel raamatut Bitcoinist. P\u00f5rgusse, ma pole isegi selle<br \/>\nkeele (inglise k \u2013 tlk) emakeelena k\u00f5neleja. \u00a0Ma olen lihtsalt t\u00fc\u00fcp, kes sai Bitcoini pisiku. Raskeloomuliselt.<br \/>\nKes olen mina, kirjutamaks raamatut Bitcoinist? See on hea k\u00fcsimus.<br \/>\nL\u00fchike vastus on lihtne: Ma olen Gigi, ja ma olen\u00a0<em>bitcoiner<\/em>.\u201d<\/p>\n","protected":false},"featured_media":362,"comment_status":"open","ping_status":"closed","template":"","meta":[],"product_cat":[15],"product_tag":[],"bundled_by":[],"bundle_stock_status":"instock","bundle_stock_quantity":null,"bundle_virtual":false,"bundle_layout":"","bundle_add_to_cart_form_location":"","bundle_editable_in_cart":false,"bundle_sold_individually_context":"","bundle_item_grouping":"","bundle_min_size":"","bundle_max_size":"","bundle_price":[],"bundled_items":[],"bundle_sell_ids":[],"jetpack_sharing_enabled":true,"jetpack-related-posts":[],"_links":{"self":[{"href":"https:\/\/liigalihtne.ee\/pood\/index.php\/wp-json\/wp\/v2\/product\/375"}],"collection":[{"href":"https:\/\/liigalihtne.ee\/pood\/index.php\/wp-json\/wp\/v2\/product"}],"about":[{"href":"https:\/\/liigalihtne.ee\/pood\/index.php\/wp-json\/wp\/v2\/types\/product"}],"replies":[{"embeddable":true,"href":"https:\/\/liigalihtne.ee\/pood\/index.php\/wp-json\/wp\/v2\/comments?post=375"}],"wp:featuredmedia":[{"embeddable":true,"href":"https:\/\/liigalihtne.ee\/pood\/index.php\/wp-json\/wp\/v2\/media\/362"}],"wp:attachment":[{"href":"https:\/\/liigalihtne.ee\/pood\/index.php\/wp-json\/wp\/v2\/media?parent=375"}],"wp:term":[{"taxonomy":"product_cat","embeddable":true,"href":"https:\/\/liigalihtne.ee\/pood\/index.php\/wp-json\/wp\/v2\/product_cat?post=375"},{"taxonomy":"product_tag","embeddable":true,"href":"https:\/\/liigalihtne.ee\/pood\/index.php\/wp-json\/wp\/v2\/product_tag?post=375"}],"curies":[{"name":"wp","href":"https:\/\/api.w.org\/{rel}","templated":true}]}}