{"id":381,"date":"2024-01-05T23:34:13","date_gmt":"2024-01-05T23:34:13","guid":{"rendered":"https:\/\/liigalihtne.ee\/pood\/?post_type=product&#038;p=381"},"modified":"2025-06-20T21:53:38","modified_gmt":"2025-06-20T21:53:38","slug":"miks-maailm-ei-toimi-2","status":"publish","type":"product","link":"https:\/\/liigalihtne.ee\/pood\/index.php\/toode\/miks-maailm-ei-toimi-2\/","title":{"rendered":"Miks maailm ei toimi?"},"content":{"rendered":"<p>Miks maailm ei toimi?<br \/>\nEhk alustava anarhisti k\u00e4siraamat 21. sajandil<\/p>\n<p>128 lk<br \/>\nPehmekaaneline<br \/>\nAutor: Viljam Valdmaa<\/p>\n","protected":false},"excerpt":{"rendered":"<p>Kogu inimkond vaatab praeguseks abitult pealt, kuidas v\u00f5im aina enam indiviidilt riigi suunas liigub. K\u00f5ikv\u00f5imalike seaduste, legislatsioonide ja regulatsioonide arv on enamuses maailma v\u00e4idetavalt demokraatlikes riikides kasvamas repressiooni tasemele. Poliitikud ja valitsevad institutsioonid m\u00fc\u00fcvad rahvale k\u00f5ikv\u00f5imalikku propagandat sellest, kuidas nemad tavainimesele parema elu suudavad luua. Kuid on aina enam selge, et sellest k\u00f5igest v\u00f5idavad ainult needsamad v\u00f5imul olevad huvigrupid.<\/p>\n<p>Raha on k\u00f5ige olulisem osa majandusest ning seda m\u00f5istes pole keeruline j\u00f5uda j\u00e4reldusele, et hetkel kogu maailmas eksisteeriv rahanduss\u00fcsteem on ilmselt ajaloo suurim pettus, t\u00e4nu millele riiklus ja poliitika \u00fcldse eksisteerida saavad.<\/p>\n<p>\u00d5nneks ei pea see maailm selline olema.<\/p>\n","protected":false},"featured_media":383,"comment_status":"open","ping_status":"closed","template":"","meta":[],"product_cat":[15],"product_tag":[],"bundled_by":[],"bundle_stock_status":"instock","bundle_stock_quantity":null,"bundle_virtual":false,"bundle_layout":"","bundle_add_to_cart_form_location":"","bundle_editable_in_cart":false,"bundle_sold_individually_context":"","bundle_item_grouping":"","bundle_min_size":"","bundle_max_size":"","bundle_price":[],"bundled_items":[],"bundle_sell_ids":[],"jetpack_sharing_enabled":true,"jetpack-related-posts":[],"_links":{"self":[{"href":"https:\/\/liigalihtne.ee\/pood\/index.php\/wp-json\/wp\/v2\/product\/381"}],"collection":[{"href":"https:\/\/liigalihtne.ee\/pood\/index.php\/wp-json\/wp\/v2\/product"}],"about":[{"href":"https:\/\/liigalihtne.ee\/pood\/index.php\/wp-json\/wp\/v2\/types\/product"}],"replies":[{"embeddable":true,"href":"https:\/\/liigalihtne.ee\/pood\/index.php\/wp-json\/wp\/v2\/comments?post=381"}],"wp:featuredmedia":[{"embeddable":true,"href":"https:\/\/liigalihtne.ee\/pood\/index.php\/wp-json\/wp\/v2\/media\/383"}],"wp:attachment":[{"href":"https:\/\/liigalihtne.ee\/pood\/index.php\/wp-json\/wp\/v2\/media?parent=381"}],"wp:term":[{"taxonomy":"product_cat","embeddable":true,"href":"https:\/\/liigalihtne.ee\/pood\/index.php\/wp-json\/wp\/v2\/product_cat?post=381"},{"taxonomy":"product_tag","embeddable":true,"href":"https:\/\/liigalihtne.ee\/pood\/index.php\/wp-json\/wp\/v2\/product_tag?post=381"}],"curies":[{"name":"wp","href":"https:\/\/api.w.org\/{rel}","templated":true}]}}