{"id":744,"date":"2025-06-12T20:41:58","date_gmt":"2025-06-12T20:41:58","guid":{"rendered":"https:\/\/liigalihtne.ee\/pood\/?post_type=product&#038;p=744"},"modified":"2025-12-28T20:53:41","modified_gmt":"2025-12-28T20:53:41","slug":"bitcoin-vs-maailm","status":"publish","type":"product","link":"https:\/\/liigalihtne.ee\/pood\/index.php\/toode\/bitcoin-vs-maailm\/","title":{"rendered":"Bitcoin vs. maailm"},"content":{"rendered":"<div class=\"styles_heading__3pDhf styles_mobile-wrap__1MRHu styles_tablet-wrap__5stTS\">\n<div class=\"styles_meta-list__item__4bnzC styles_size-default__sjbFQ\">Autor: Viljam Valdmaa<\/div>\n<div><\/div>\n<div class=\"styles_meta-list__item__4bnzC styles_size-default__sjbFQ\">\n<div class=\"styles_clip-content__WNnoF styles_size-default__8_0Jo styles_can-collapse__jvDZa\">\n<div id=\"meta-dimensions\" class=\"styles_clip-content__inner__4TgIf\">210x147mm<\/div>\n<\/div>\n<\/div>\n<div class=\"styles_meta-list__item__4bnzC styles_size-default__sjbFQ\">Lehek\u00fclgi: 213<\/div>\n<div class=\"styles_meta-list__item__4bnzC styles_size-default__sjbFQ\">EAN: 9789916430330<\/div>\n<\/div>\n<p>&nbsp;<\/p>\n<div class=\"styles_meta-list__item__4bnzC styles_size-default__sjbFQ\"><\/div>\n","protected":false},"excerpt":{"rendered":"<div class=\"styles_heading__3pDhf styles_mobile-wrap__1MRHu styles_tablet-wrap__5stTS\">\n<h2 class=\"styles_heading__title__Xym7A styles_align-left__aHTGM\">Bitcoin vs. maailm<\/h2>\n<\/div>\n<p class=\"styles_product-card-detailed__subtitle__jXO2_\">Ehk inimesest, majandusest, riigist ja k\u00fcberrahast nende keskel.<\/p>\n<p>Rahaga puutume me k\u00f5ik igap\u00e4evaselt kokku, kuid s\u00fcgavamalt on raha olemuse \u00fcle m\u00f5elnud vaid v\u00e4hesed. See on ilmselt ka p\u00f5hjuseks, miks puudub enamikul inimestel arusaam rahas\u00fcsteemi m\u00f5just \u00fchiskonnale. Maailmas on l\u00e4bi ajaloo k\u00e4ibel olnud v\u00e4ga palju erinevaid rahasid ning neil k\u00f5igil on olemas mingid positiivsed ja negatiivsed aspektid. Kuid \u00fcks nendest aspektidest on siiani l\u00e4biv ja omane k\u00f5ikidele rahadele ning selleks on rahavaru pidev suurenemine. K\u00f5iki rahasid on ringlusesse pidevalt juurde loodud, mist\u00f5ttu on inflatsioon senimaani olnud k\u00f5ikide rahas\u00fcsteemide osa. Pidev hinnakasv pole kaugeltki ainuke probleem, millele rahavaru suurendamine aluse paneb. See m\u00f5jutab kogu \u00fchiskonda ja meie k\u00f5iki eluaspekte ning seet\u00f5ttu v\u00f5ib ilmselt ka \u00f6elda, et kogu maailma ajalugu on inflatsiooni ajalugu. Bitcoin on hetkel ainuke inflatsioonivaba rahas\u00fcsteem ning kui see arvutiv\u00f5rk eksisteerimist j\u00e4tkab, siis tuleb ilmselt \u00fcmber m\u00f5testada ka kogu arusaam \u00fchiskonnast ja majandusest. Just seda antud raamat teebki.<\/p>\n","protected":false},"featured_media":758,"comment_status":"open","ping_status":"closed","template":"","meta":[],"product_cat":[15],"product_tag":[],"bundled_by":[],"bundle_stock_status":"instock","bundle_stock_quantity":null,"bundle_virtual":false,"bundle_layout":"","bundle_add_to_cart_form_location":"","bundle_editable_in_cart":false,"bundle_sold_individually_context":"","bundle_item_grouping":"","bundle_min_size":"","bundle_max_size":"","bundle_price":[],"bundled_items":[],"bundle_sell_ids":[],"jetpack_sharing_enabled":true,"jetpack-related-posts":[],"_links":{"self":[{"href":"https:\/\/liigalihtne.ee\/pood\/index.php\/wp-json\/wp\/v2\/product\/744"}],"collection":[{"href":"https:\/\/liigalihtne.ee\/pood\/index.php\/wp-json\/wp\/v2\/product"}],"about":[{"href":"https:\/\/liigalihtne.ee\/pood\/index.php\/wp-json\/wp\/v2\/types\/product"}],"replies":[{"embeddable":true,"href":"https:\/\/liigalihtne.ee\/pood\/index.php\/wp-json\/wp\/v2\/comments?post=744"}],"wp:featuredmedia":[{"embeddable":true,"href":"https:\/\/liigalihtne.ee\/pood\/index.php\/wp-json\/wp\/v2\/media\/758"}],"wp:attachment":[{"href":"https:\/\/liigalihtne.ee\/pood\/index.php\/wp-json\/wp\/v2\/media?parent=744"}],"wp:term":[{"taxonomy":"product_cat","embeddable":true,"href":"https:\/\/liigalihtne.ee\/pood\/index.php\/wp-json\/wp\/v2\/product_cat?post=744"},{"taxonomy":"product_tag","embeddable":true,"href":"https:\/\/liigalihtne.ee\/pood\/index.php\/wp-json\/wp\/v2\/product_tag?post=744"}],"curies":[{"name":"wp","href":"https:\/\/api.w.org\/{rel}","templated":true}]}}