{"id":759,"date":"2025-12-28T20:58:34","date_gmt":"2025-12-28T20:58:34","guid":{"rendered":"https:\/\/liigalihtne.ee\/pood\/?post_type=product&#038;p=759"},"modified":"2025-12-28T21:00:19","modified_gmt":"2025-12-28T21:00:19","slug":"a-stoic-resurrection","status":"publish","type":"product","link":"https:\/\/liigalihtne.ee\/pood\/index.php\/toode\/a-stoic-resurrection\/","title":{"rendered":"A Stoic Resurrection"},"content":{"rendered":"<div><i><b>Raamatu andmed:<\/b><\/i><\/div>\n<div>Autor: Harder Kink (Kontext)<br \/>\nKirjastaja: \u200eSatoshee Strategy<br \/>\nIlmumisaasta: \u200e2025<br \/>\nKeel: inglise<br \/>\nLehek\u00fclgede arv: 251<br \/>\nFormaat: k\u00f5vakaaneline<br \/>\nM\u00f5\u00f5tmed: 14 x 21,6 cm<br \/>\nISBN: \u200e 978-0-473-75174-6<\/div>\n","protected":false},"excerpt":{"rendered":"<div>\n<div><i><b>Raamatu l\u00fchikirjeldus:<\/b><\/i><\/div>\n<div>\u201eStoiline taass\u00fcnd\u201d on aforismide ja m\u00f5tiskluste kogumik t\u00e4nap\u00e4eva mehe sisemisest teekonnast \u2013 katse m\u00f5ista oma elu, eesm\u00e4rke, vaimsust, armastust, majandust ja inimkogemust laiemalt. Tekst on kirjutatud kahe aasta jooksul, otsides selgust, distsipliini ja m\u00f5testatust kiirelt muutuvas maailmas.<\/div>\n<\/div>\n<div><\/div>\n<div><\/div>\n","protected":false},"featured_media":765,"comment_status":"open","ping_status":"closed","template":"","meta":[],"product_cat":[15],"product_tag":[],"bundled_by":[],"bundle_stock_status":"instock","bundle_stock_quantity":null,"bundle_virtual":false,"bundle_layout":"","bundle_add_to_cart_form_location":"","bundle_editable_in_cart":false,"bundle_sold_individually_context":"","bundle_item_grouping":"","bundle_min_size":"","bundle_max_size":"","bundle_price":[],"bundled_items":[],"bundle_sell_ids":[],"jetpack_sharing_enabled":true,"jetpack-related-posts":[],"_links":{"self":[{"href":"https:\/\/liigalihtne.ee\/pood\/index.php\/wp-json\/wp\/v2\/product\/759"}],"collection":[{"href":"https:\/\/liigalihtne.ee\/pood\/index.php\/wp-json\/wp\/v2\/product"}],"about":[{"href":"https:\/\/liigalihtne.ee\/pood\/index.php\/wp-json\/wp\/v2\/types\/product"}],"replies":[{"embeddable":true,"href":"https:\/\/liigalihtne.ee\/pood\/index.php\/wp-json\/wp\/v2\/comments?post=759"}],"wp:featuredmedia":[{"embeddable":true,"href":"https:\/\/liigalihtne.ee\/pood\/index.php\/wp-json\/wp\/v2\/media\/765"}],"wp:attachment":[{"href":"https:\/\/liigalihtne.ee\/pood\/index.php\/wp-json\/wp\/v2\/media?parent=759"}],"wp:term":[{"taxonomy":"product_cat","embeddable":true,"href":"https:\/\/liigalihtne.ee\/pood\/index.php\/wp-json\/wp\/v2\/product_cat?post=759"},{"taxonomy":"product_tag","embeddable":true,"href":"https:\/\/liigalihtne.ee\/pood\/index.php\/wp-json\/wp\/v2\/product_tag?post=759"}],"curies":[{"name":"wp","href":"https:\/\/api.w.org\/{rel}","templated":true}]}}